{"id":16,"date":"2023-10-23T14:47:18","date_gmt":"2023-10-23T12:47:18","guid":{"rendered":"https:\/\/megasun-beautylounge.de\/benrath\/?page_id=16"},"modified":"2024-05-02T12:06:23","modified_gmt":"2024-05-02T10:06:23","slug":"jobs","status":"publish","type":"page","link":"https:\/\/megasun-beautylounge.de\/benrath\/jobs\/","title":{"rendered":"Jobs"},"content":{"rendered":"<div id='full_slider_1'  class='avia-fullwidth-slider main_color avia-shadow   avia-builder-el-0  el_before_av_section  avia-builder-el-first   container_wrap sidebar_right'  ><div  class='avia-slideshow av-lo31pc2n-6b81a6eeefe71ce3bd437804d8739319 avia-slideshow-no scaling av_slideshow_full avia-slide-slider av-slideshow-ui av-control-default av-slideshow-manual av-loop-once av-loop-manual-endless av-default-height-applied   avia-slideshow-1' data-slideshow-options=\"{&quot;animation&quot;:&quot;slide&quot;,&quot;autoplay&quot;:false,&quot;loop_autoplay&quot;:&quot;once&quot;,&quot;interval&quot;:5,&quot;loop_manual&quot;:&quot;manual-endless&quot;,&quot;autoplay_stopper&quot;:false,&quot;noNavigation&quot;:false,&quot;bg_slider&quot;:false,&quot;keep_padding&quot;:false,&quot;hoverpause&quot;:false,&quot;show_slide_delay&quot;:0}\"  itemprop=\"image\" itemscope=\"itemscope\" itemtype=\"https:\/\/schema.org\/ImageObject\" ><ul class='avia-slideshow-inner ' style='padding-bottom: 28.645833333333%;'><li  class='avia-slideshow-slide av-lo31pc2n-6b81a6eeefe71ce3bd437804d8739319__0  av-single-slide slide-1 slide-odd'><div data-rel='slideshow-1' class='avia-slide-wrap '   ><img decoding=\"async\" class=\"wp-image-215 avia-img-lazy-loading-not-215\"  src=\"https:\/\/megasun-beautylounge.de\/benrath\/wp-content\/uploads\/sites\/4\/2024\/02\/page-teaser.webp\" width=\"1920\" height=\"550\" title='' alt='Sonnenstudio'  itemprop=\"thumbnailUrl\"  style='min-height:200px; min-width:699px; ' srcset=\"https:\/\/megasun-beautylounge.de\/benrath\/wp-content\/uploads\/sites\/4\/2024\/02\/page-teaser.webp 1920w, https:\/\/megasun-beautylounge.de\/benrath\/wp-content\/uploads\/sites\/4\/2024\/02\/page-teaser-300x86.webp 300w, https:\/\/megasun-beautylounge.de\/benrath\/wp-content\/uploads\/sites\/4\/2024\/02\/page-teaser-1030x295.webp 1030w, https:\/\/megasun-beautylounge.de\/benrath\/wp-content\/uploads\/sites\/4\/2024\/02\/page-teaser-768x220.webp 768w, https:\/\/megasun-beautylounge.de\/benrath\/wp-content\/uploads\/sites\/4\/2024\/02\/page-teaser-1536x440.webp 1536w, https:\/\/megasun-beautylounge.de\/benrath\/wp-content\/uploads\/sites\/4\/2024\/02\/page-teaser-1500x430.webp 1500w, https:\/\/megasun-beautylounge.de\/benrath\/wp-content\/uploads\/sites\/4\/2024\/02\/page-teaser-705x202.webp 705w\" sizes=\"(max-width: 1920px) 100vw, 1920px\" \/><\/div><\/li><\/ul><\/div><\/div>\n<div id='av_section_1'  class='avia-section av-lo31pzsy-4d8caca2d2d69cd57fec53ad169fa54d main_color avia-section-large avia-no-border-styling  avia-builder-el-1  el_after_av_slideshow_full  avia-builder-el-last  avia-bg-style-scroll container_wrap sidebar_right'  ><div class='container av-section-cont-open' ><div class='template-page content  av-content-small alpha units'><div class='post-entry post-entry-type-page post-entry-16'><div class='entry-content-wrapper clearfix'>\n\n<style type=\"text\/css\" data-created_by=\"avia_inline_auto\" id=\"style-css-av-lo31ptt2-73be46ae78e85c16581c97e3d4b9f284\">\n#top .av-special-heading.av-lo31ptt2-73be46ae78e85c16581c97e3d4b9f284{\npadding-bottom:25px;\n}\nbody .av-special-heading.av-lo31ptt2-73be46ae78e85c16581c97e3d4b9f284 .av-special-heading-tag .heading-char{\nfont-size:25px;\n}\n.av-special-heading.av-lo31ptt2-73be46ae78e85c16581c97e3d4b9f284 .av-subheading{\nfont-size:15px;\n}\n<\/style>\n<div  class='av-special-heading av-lo31ptt2-73be46ae78e85c16581c97e3d4b9f284 av-special-heading-h1 blockquote modern-quote modern-centered  avia-builder-el-2  el_before_av_hr  avia-builder-el-first '><div class='av-subheading av-subheading_above'><p>Arbeiten im Sonnenstudio<\/p>\n<\/div><h1 class='av-special-heading-tag'  itemprop=\"headline\"  >Jobs bei megaSun beautyLounge Benrath<\/h1><div class=\"special-heading-border\"><div class=\"special-heading-inner-border\"><\/div><\/div><\/div>\n\n<style type=\"text\/css\" data-created_by=\"avia_inline_auto\" id=\"style-css-av-4cghw-12065fa794e0169ae44e78cdbb267895\">\n#top .hr.hr-invisible.av-4cghw-12065fa794e0169ae44e78cdbb267895{\nheight:10px;\n}\n<\/style>\n<div  class='hr av-4cghw-12065fa794e0169ae44e78cdbb267895 hr-invisible  avia-builder-el-3  el_after_av_heading  el_before_av_one_third '><span class='hr-inner '><span class=\"hr-inner-style\"><\/span><\/span><\/div>\n\n<style type=\"text\/css\" data-created_by=\"avia_inline_auto\" id=\"style-css-av-3r6lo-af65cb75817e3865393aa0b4ca5e40fb\">\n.flex_column.av-3r6lo-af65cb75817e3865393aa0b4ca5e40fb{\nwidth:30.333333333333%;\n}\n<\/style>\n<div  class='flex_column av-3r6lo-af65cb75817e3865393aa0b4ca5e40fb av_one_third  avia-builder-el-4  el_after_av_hr  el_before_av_one_third  first flex_column_div  '     ><style type=\"text\/css\" data-created_by=\"avia_inline_auto\" id=\"style-css-av-lo31rgcf-7d9a55b0f33958064a60c367f6943d6f\">\n.iconbox.av-lo31rgcf-7d9a55b0f33958064a60c367f6943d6f .iconbox_icon{\nbackground-color:#fecc28;\ncolor:#ffffff;\n}\n<\/style>\n<article  class='iconbox iconbox_top av-lo31rgcf-7d9a55b0f33958064a60c367f6943d6f  avia-builder-el-5  avia-builder-el-no-sibling  main_color'  itemscope=\"itemscope\" itemtype=\"https:\/\/schema.org\/CreativeWork\" ><div class=\"iconbox_content\"><header class=\"entry-content-header\"><div class=\"iconbox_icon heading-color\" aria-hidden='true' data-av_icon='\uf101' data-av_iconfont='flaticon_sunclub'><\/div><h3 class='iconbox_content_title '  itemprop=\"headline\" >flexible<br> Arbeitszeiten<\/h3><\/header><div class='iconbox_content_container '  itemprop=\"text\" ><\/div><\/div><footer class=\"entry-footer\"><\/footer><\/article><\/div>\n<style type=\"text\/css\" data-created_by=\"avia_inline_auto\" id=\"style-css-av-34sns-34e3b24176ffacc6b6c1d32ed7afb8bc\">\n.flex_column.av-34sns-34e3b24176ffacc6b6c1d32ed7afb8bc{\nwidth:30.333333333333%;\nmargin-left:4.5%;\n}\n<\/style>\n<div  class='flex_column av-34sns-34e3b24176ffacc6b6c1d32ed7afb8bc av_one_third  avia-builder-el-6  el_after_av_one_third  el_before_av_one_third  flex_column_div  '     ><style type=\"text\/css\" data-created_by=\"avia_inline_auto\" id=\"style-css-av-lo31s0iw-9c50d6e8cb9649002acc977a49e32a27\">\n.iconbox.av-lo31s0iw-9c50d6e8cb9649002acc977a49e32a27 .iconbox_icon{\nbackground-color:#fecc28;\ncolor:#ffffff;\n}\n<\/style>\n<article  class='iconbox iconbox_top av-lo31s0iw-9c50d6e8cb9649002acc977a49e32a27  avia-builder-el-7  avia-builder-el-no-sibling  main_color'  itemscope=\"itemscope\" itemtype=\"https:\/\/schema.org\/CreativeWork\" ><div class=\"iconbox_content\"><header class=\"entry-content-header\"><div class=\"iconbox_icon heading-color\" aria-hidden='true' data-av_icon='\uf101' data-av_iconfont='flaticon_sunclub'><\/div><h3 class='iconbox_content_title '  itemprop=\"headline\" >faire<br> Bezahlung<\/h3><\/header><div class='iconbox_content_container '  itemprop=\"text\" ><\/div><\/div><footer class=\"entry-footer\"><\/footer><\/article><\/div>\n<style type=\"text\/css\" data-created_by=\"avia_inline_auto\" id=\"style-css-av-a6u0-47975a1c890e971ad1c5410360fd083d\">\n.flex_column.av-a6u0-47975a1c890e971ad1c5410360fd083d{\nwidth:30.333333333333%;\nmargin-left:4.5%;\n}\n<\/style>\n<div  class='flex_column av-a6u0-47975a1c890e971ad1c5410360fd083d av_one_third  avia-builder-el-8  el_after_av_one_third  el_before_av_hr  flex_column_div  '     ><style type=\"text\/css\" data-created_by=\"avia_inline_auto\" id=\"style-css-av-lo31s9b3-d0499e0f3195cc8d3fba5b62502d0e40\">\n.iconbox.av-lo31s9b3-d0499e0f3195cc8d3fba5b62502d0e40 .iconbox_icon{\nbackground-color:#fecc28;\ncolor:#ffffff;\n}\n<\/style>\n<article  class='iconbox iconbox_top av-lo31s9b3-d0499e0f3195cc8d3fba5b62502d0e40  avia-builder-el-9  avia-builder-el-no-sibling  main_color'  itemscope=\"itemscope\" itemtype=\"https:\/\/schema.org\/CreativeWork\" ><div class=\"iconbox_content\"><header class=\"entry-content-header\"><div class=\"iconbox_icon heading-color\" aria-hidden='true' data-av_icon='\uf101' data-av_iconfont='flaticon_sunclub'><\/div><h3 class='iconbox_content_title '  itemprop=\"headline\" >angenehmes<br> Arbeitsumfeld<\/h3><\/header><div class='iconbox_content_container '  itemprop=\"text\" ><\/div><\/div><footer class=\"entry-footer\"><\/footer><\/article><\/div>\n<style type=\"text\/css\" data-created_by=\"avia_inline_auto\" id=\"style-css-av-lo31suhl-a55ad53f04175855b22458c6631ee7fd\">\n#top .hr.hr-invisible.av-lo31suhl-a55ad53f04175855b22458c6631ee7fd{\nheight:35px;\n}\n<\/style>\n<div  class='hr av-lo31suhl-a55ad53f04175855b22458c6631ee7fd hr-invisible  avia-builder-el-10  el_after_av_one_third  el_before_av_one_half '><span class='hr-inner '><span class=\"hr-inner-style\"><\/span><\/span><\/div>\n\n<style type=\"text\/css\" data-created_by=\"avia_inline_auto\" id=\"style-css-av-1vaxg-6782606b57658c0f1273dcf8fd7cf8b7\">\n.flex_column.av-1vaxg-6782606b57658c0f1273dcf8fd7cf8b7{\npadding:0 6% 0 0;\n}\n<\/style>\n<div  class='flex_column av-1vaxg-6782606b57658c0f1273dcf8fd7cf8b7 av_one_half  avia-builder-el-11  el_after_av_hr  el_before_av_one_half  first no_margin flex_column_div  '     ><section  class='av_textblock_section av-lo31t98r-78d4db9bd4a58eccdc75ab6d498aef80 '   itemscope=\"itemscope\" itemtype=\"https:\/\/schema.org\/CreativeWork\" ><div class='avia_textblock'  itemprop=\"text\" ><p>Als Angestellter bei uns im Sonnenstudio arbeiten Sie in einem entspannten Umfeld in einer zukunftssicheren Branche. Ein wichtiger Aspekt bei der Arbeit in unserem Sonnenstudio ist der Kundenkontakt. Sie beraten Kunden, geben Tipps und Hilfestellungen und sorgen daf\u00fcr, dass sie die bestm\u00f6gliche Erfahrung im Studio haben. Es ist daher wichtig, \u00fcber eine freundliche, aufgeschlossene und serviceorientierte Pers\u00f6nlichkeit zu verf\u00fcgen.<\/p>\n<p>Wenn Sie gerne mit Menschen arbeiten, eine freundliche Pers\u00f6nlichkeit haben und Verantwortung \u00fcbernehmen m\u00f6chten, freuen wir uns auf Ihre Bewerbung.<\/p>\n<\/div><\/section><\/div>\n<style type=\"text\/css\" data-created_by=\"avia_inline_auto\" id=\"style-css-av-1lvnk-875385daabb4bcbe13ebbb857e3712d6\">\n.flex_column.av-1lvnk-875385daabb4bcbe13ebbb857e3712d6{\npadding:15px 0 0 0;\n}\n<\/style>\n<div  class='flex_column av-1lvnk-875385daabb4bcbe13ebbb857e3712d6 av_one_half  avia-builder-el-13  el_after_av_one_half  el_before_av_hr  no_margin flex_column_div  '     ><style type=\"text\/css\" data-created_by=\"avia_inline_auto\" id=\"style-css-av-lo31ucz1-55bf9bfd0d9356b196d805ef74bc5feb\">\n.avia-image-container.av-lo31ucz1-55bf9bfd0d9356b196d805ef74bc5feb img.avia_image{\nbox-shadow:none;\n}\n.avia-image-container.av-lo31ucz1-55bf9bfd0d9356b196d805ef74bc5feb .av-image-caption-overlay-center{\ncolor:#ffffff;\n}\n<\/style>\n<div  class='avia-image-container av-lo31ucz1-55bf9bfd0d9356b196d805ef74bc5feb av-styling-no-styling avia-align-  avia-builder-el-14  avia-builder-el-no-sibling '   itemprop=\"image\" itemscope=\"itemscope\" itemtype=\"https:\/\/schema.org\/ImageObject\" ><div class=\"avia-image-container-inner\"><div class=\"avia-image-overlay-wrap\"><a href=\"https:\/\/vimeo.com\/213681925\" class='avia_image'  ><img decoding=\"async\" class='wp-image-101 avia-img-lazy-loading-not-101 avia_image ' src=\"https:\/\/megasun-beautylounge.de\/benrath\/wp-content\/uploads\/sites\/4\/2023\/10\/video-thm4.jpg\" alt='' title=''  height=\"562\" width=\"1000\"  itemprop=\"thumbnailUrl\" srcset=\"https:\/\/megasun-beautylounge.de\/benrath\/wp-content\/uploads\/sites\/4\/2023\/10\/video-thm4.jpg 1000w, https:\/\/megasun-beautylounge.de\/benrath\/wp-content\/uploads\/sites\/4\/2023\/10\/video-thm4-300x169.jpg 300w, https:\/\/megasun-beautylounge.de\/benrath\/wp-content\/uploads\/sites\/4\/2023\/10\/video-thm4-768x432.jpg 768w, https:\/\/megasun-beautylounge.de\/benrath\/wp-content\/uploads\/sites\/4\/2023\/10\/video-thm4-705x396.jpg 705w\" sizes=\"(max-width: 1000px) 100vw, 1000px\" \/><\/a><\/div><\/div><\/div><\/div>\n<style type=\"text\/css\" data-created_by=\"avia_inline_auto\" id=\"style-css-av-lo31vw22-ab53e1ed77d5ec46dbe81a7ae67b7b7f\">\n#top .hr.av-lo31vw22-ab53e1ed77d5ec46dbe81a7ae67b7b7f{\nmargin-top:30px;\nmargin-bottom:30px;\n}\n.hr.av-lo31vw22-ab53e1ed77d5ec46dbe81a7ae67b7b7f .hr-inner{\nwidth:100%;\nborder-color:#e8e8e8;\n}\n<\/style>\n<div  class='hr av-lo31vw22-ab53e1ed77d5ec46dbe81a7ae67b7b7f hr-custom  avia-builder-el-15  el_after_av_one_half  avia-builder-el-last  hr-center hr-icon-no'><span class='hr-inner inner-border-av-border-thin'><span class=\"hr-inner-style\"><\/span><\/span><\/div>\n<\/div><\/div><\/div><!-- close content main div --><\/div><\/div><div id='after_section_1'  class='main_color av_default_container_wrap container_wrap sidebar_right'  ><div class='container av-section-cont-open' ><div class='template-page content  av-content-small alpha units'><div class='post-entry post-entry-type-page post-entry-16'><div class='entry-content-wrapper clearfix'>\n","protected":false},"excerpt":{"rendered":"","protected":false},"author":1,"featured_media":0,"parent":0,"menu_order":0,"comment_status":"closed","ping_status":"closed","template":"","meta":{"footnotes":""},"class_list":["post-16","page","type-page","status-publish","hentry"],"yoast_head":"<!-- This site is optimized with the Yoast SEO plugin v24.8.1 - https:\/\/yoast.com\/wordpress\/plugins\/seo\/ -->\n<title>Jobs in Benrath | megaSun beautyLounge Benrath<\/title>\n<meta name=\"description\" content=\"Unser Sonnenstudio als Arbeitgeber in Benrath. \u2713 flexible Arbeitszeiten \u2713 faire Bezahlung \u2713 angenehmes Arbeitsumfeld\" \/>\n<meta name=\"robots\" content=\"index, follow, max-snippet:-1, max-image-preview:large, max-video-preview:-1\" \/>\n<link rel=\"canonical\" href=\"https:\/\/megasun-beautylounge.de\/benrath\/jobs\/\" \/>\n<meta property=\"og:locale\" content=\"de_DE\" \/>\n<meta property=\"og:type\" content=\"article\" \/>\n<meta property=\"og:title\" content=\"Jobs in Benrath | megaSun beautyLounge Benrath\" \/>\n<meta property=\"og:description\" content=\"Unser Sonnenstudio als Arbeitgeber in Benrath. \u2713 flexible Arbeitszeiten \u2713 faire Bezahlung \u2713 angenehmes Arbeitsumfeld\" \/>\n<meta property=\"og:url\" content=\"https:\/\/megasun-beautylounge.de\/benrath\/jobs\/\" \/>\n<meta property=\"og:site_name\" content=\"megaSun beautyLounge Benrath\" \/>\n<meta property=\"article:modified_time\" content=\"2024-05-02T10:06:23+00:00\" \/>\n<meta name=\"twitter:card\" content=\"summary_large_image\" \/>\n<meta name=\"twitter:label1\" content=\"Gesch\u00e4tzte Lesezeit\" \/>\n\t<meta name=\"twitter:data1\" content=\"1\u00a0Minute\" \/>\n<script type=\"application\/ld+json\" class=\"yoast-schema-graph\">{\"@context\":\"https:\/\/schema.org\",\"@graph\":[{\"@type\":\"WebPage\",\"@id\":\"https:\/\/megasun-beautylounge.de\/benrath\/jobs\/\",\"url\":\"https:\/\/megasun-beautylounge.de\/benrath\/jobs\/\",\"name\":\"Jobs in Benrath | megaSun beautyLounge Benrath\",\"isPartOf\":{\"@id\":\"https:\/\/megasun-beautylounge.de\/benrath\/#website\"},\"datePublished\":\"2023-10-23T12:47:18+00:00\",\"dateModified\":\"2024-05-02T10:06:23+00:00\",\"description\":\"Unser Sonnenstudio als Arbeitgeber in Benrath. \u2713 flexible Arbeitszeiten \u2713 faire Bezahlung \u2713 angenehmes Arbeitsumfeld\",\"breadcrumb\":{\"@id\":\"https:\/\/megasun-beautylounge.de\/benrath\/jobs\/#breadcrumb\"},\"inLanguage\":\"de\",\"potentialAction\":[{\"@type\":\"ReadAction\",\"target\":[\"https:\/\/megasun-beautylounge.de\/benrath\/jobs\/\"]}]},{\"@type\":\"BreadcrumbList\",\"@id\":\"https:\/\/megasun-beautylounge.de\/benrath\/jobs\/#breadcrumb\",\"itemListElement\":[{\"@type\":\"ListItem\",\"position\":1,\"name\":\"Startseite\",\"item\":\"https:\/\/megasun-beautylounge.de\/benrath\/home\/\"},{\"@type\":\"ListItem\",\"position\":2,\"name\":\"Jobs\"}]},{\"@type\":\"WebSite\",\"@id\":\"https:\/\/megasun-beautylounge.de\/benrath\/#website\",\"url\":\"https:\/\/megasun-beautylounge.de\/benrath\/\",\"name\":\"megaSun beautyLounge Benrath\",\"description\":\"\",\"potentialAction\":[{\"@type\":\"SearchAction\",\"target\":{\"@type\":\"EntryPoint\",\"urlTemplate\":\"https:\/\/megasun-beautylounge.de\/benrath\/?s={search_term_string}\"},\"query-input\":{\"@type\":\"PropertyValueSpecification\",\"valueRequired\":true,\"valueName\":\"search_term_string\"}}],\"inLanguage\":\"de\"}]}<\/script>\n<!-- \/ Yoast SEO plugin. -->","yoast_head_json":{"title":"Jobs in Benrath | megaSun beautyLounge Benrath","description":"Unser Sonnenstudio als Arbeitgeber in Benrath. \u2713 flexible Arbeitszeiten \u2713 faire Bezahlung \u2713 angenehmes Arbeitsumfeld","robots":{"index":"index","follow":"follow","max-snippet":"max-snippet:-1","max-image-preview":"max-image-preview:large","max-video-preview":"max-video-preview:-1"},"canonical":"https:\/\/megasun-beautylounge.de\/benrath\/jobs\/","og_locale":"de_DE","og_type":"article","og_title":"Jobs in Benrath | megaSun beautyLounge Benrath","og_description":"Unser Sonnenstudio als Arbeitgeber in Benrath. \u2713 flexible Arbeitszeiten \u2713 faire Bezahlung \u2713 angenehmes Arbeitsumfeld","og_url":"https:\/\/megasun-beautylounge.de\/benrath\/jobs\/","og_site_name":"megaSun beautyLounge Benrath","article_modified_time":"2024-05-02T10:06:23+00:00","twitter_card":"summary_large_image","twitter_misc":{"Gesch\u00e4tzte Lesezeit":"1\u00a0Minute"},"schema":{"@context":"https:\/\/schema.org","@graph":[{"@type":"WebPage","@id":"https:\/\/megasun-beautylounge.de\/benrath\/jobs\/","url":"https:\/\/megasun-beautylounge.de\/benrath\/jobs\/","name":"Jobs in Benrath | megaSun beautyLounge Benrath","isPartOf":{"@id":"https:\/\/megasun-beautylounge.de\/benrath\/#website"},"datePublished":"2023-10-23T12:47:18+00:00","dateModified":"2024-05-02T10:06:23+00:00","description":"Unser Sonnenstudio als Arbeitgeber in Benrath. \u2713 flexible Arbeitszeiten \u2713 faire Bezahlung \u2713 angenehmes Arbeitsumfeld","breadcrumb":{"@id":"https:\/\/megasun-beautylounge.de\/benrath\/jobs\/#breadcrumb"},"inLanguage":"de","potentialAction":[{"@type":"ReadAction","target":["https:\/\/megasun-beautylounge.de\/benrath\/jobs\/"]}]},{"@type":"BreadcrumbList","@id":"https:\/\/megasun-beautylounge.de\/benrath\/jobs\/#breadcrumb","itemListElement":[{"@type":"ListItem","position":1,"name":"Startseite","item":"https:\/\/megasun-beautylounge.de\/benrath\/home\/"},{"@type":"ListItem","position":2,"name":"Jobs"}]},{"@type":"WebSite","@id":"https:\/\/megasun-beautylounge.de\/benrath\/#website","url":"https:\/\/megasun-beautylounge.de\/benrath\/","name":"megaSun beautyLounge Benrath","description":"","potentialAction":[{"@type":"SearchAction","target":{"@type":"EntryPoint","urlTemplate":"https:\/\/megasun-beautylounge.de\/benrath\/?s={search_term_string}"},"query-input":{"@type":"PropertyValueSpecification","valueRequired":true,"valueName":"search_term_string"}}],"inLanguage":"de"}]}},"_links":{"self":[{"href":"https:\/\/megasun-beautylounge.de\/benrath\/wp-json\/wp\/v2\/pages\/16","targetHints":{"allow":["GET"]}}],"collection":[{"href":"https:\/\/megasun-beautylounge.de\/benrath\/wp-json\/wp\/v2\/pages"}],"about":[{"href":"https:\/\/megasun-beautylounge.de\/benrath\/wp-json\/wp\/v2\/types\/page"}],"author":[{"embeddable":true,"href":"https:\/\/megasun-beautylounge.de\/benrath\/wp-json\/wp\/v2\/users\/1"}],"replies":[{"embeddable":true,"href":"https:\/\/megasun-beautylounge.de\/benrath\/wp-json\/wp\/v2\/comments?post=16"}],"version-history":[{"count":4,"href":"https:\/\/megasun-beautylounge.de\/benrath\/wp-json\/wp\/v2\/pages\/16\/revisions"}],"predecessor-version":[{"id":284,"href":"https:\/\/megasun-beautylounge.de\/benrath\/wp-json\/wp\/v2\/pages\/16\/revisions\/284"}],"wp:attachment":[{"href":"https:\/\/megasun-beautylounge.de\/benrath\/wp-json\/wp\/v2\/media?parent=16"}],"curies":[{"name":"wp","href":"https:\/\/api.w.org\/{rel}","templated":true}]}}